{"id":158,"date":"2022-06-01T23:12:11","date_gmt":"2022-06-01T23:12:11","guid":{"rendered":"https:\/\/wmnc.dnac.org\/2022\/?page_id=158"},"modified":"2022-06-01T23:20:28","modified_gmt":"2022-06-01T23:20:28","slug":"call-for-tutorials","status":"publish","type":"page","link":"https:\/\/wmnc.dnac.org\/2022\/call-for-tutorials\/","title":{"rendered":"Call For Tutorials"},"content":{"rendered":"\n<h1 class=\"wp-block-heading\"><strong>Call For Tutorials<\/strong><\/h1>\n\n\n\n<p>Tutorials are an integral part of the program of WMNC 2022. They provide participants with broad and comprehensive overviews of emerging fields in Wireless and Mobile Communications and Networks technology. Experts are invited to submit half-day (3 hours) or full-day (6 hours) tutorials including hands-on experience are also warmly welcome. Suggested topics include, but are not limited to:<\/p>\n\n\n\n<ul class=\"wp-block-list\"><li>5G\/6G wireless and Wire Communications: Architectures and systems&nbsp;<\/li><li>Management of 6G Networks; Management Approaches, Resources and Functions for 5G\/6G<\/li><li>Cognitive and intelligent networks&nbsp;<\/li><li>Software-defined infrastructures<\/li><li>Wireless Sensor and Actor Networks,&nbsp;<\/li><li>Ad hoc and Opportunistic Networks, Vehicular Networks,&nbsp; IoT and IIoT<\/li><li>Edge Networks<\/li><li>Security management<\/li><li>Green communication and networking<\/li><li>Autonomic networks<\/li><li>Resource management mechanisms for deterministic data transmission<\/li><li>Deterministic Networking&nbsp;<\/li><li>Energy harvesting, storage, and utilization for routing and management optimization<\/li><li>Protocols and methods for delivery of high precision services with KPIs guarantees<\/li><li>Precision of manageability in terms of management of Service KPIs with\/without guarantees; dynamic and programmable instantiation of management information in the packets; and precision telemetry<\/li><li>End-to-end network programming<\/li><li>Methods for efficient support for the new emerging application domains: Internet of senses, holographic communications, massive digital twinning, and XR, fully autonomous driving, flying networks<\/li><li>Applications and Services over Wireless and Mobile Networks<\/li><\/ul>\n\n\n\n<hr class=\"wp-block-separator has-alpha-channel-opacity\"\/>\n\n\n\n<h2 class=\"wp-block-heading\">Submission Instructions:<\/h2>\n\n\n\n<p>If you are interested in presenting a tutorial at WMNC 2022, please fill in the Tutorial Proposal Form and submit it to the Tutorial Co-Chairs. Tutorial Proposal Form can be downloaded from the following link: <a href=\"https:\/\/wmnc.dnac.org\/2022\/wp-content\/uploads\/2022\/06\/WMNC2022-TutorialProposalForm_v2.docx.pdf\">link<\/a><\/p>\n\n\n\n<hr class=\"wp-block-separator has-alpha-channel-opacity\"\/>\n\n\n\n<h2 class=\"wp-block-heading\">Important Dates:<\/h2>\n\n\n\n<ul class=\"wp-block-list\"><li>Tutorial Proposal Submission: <strong><em>30 July 2022<\/em><\/strong><\/li><li>Acceptance Notification: <strong><em>10 August 2022<\/em><\/strong><\/li><li>Conference:&nbsp;<strong><em>17-19 October 2022<\/em><\/strong><\/li><\/ul>\n\n\n\n<hr class=\"wp-block-separator has-alpha-channel-opacity\"\/>\n\n\n\n<h2 class=\"wp-block-heading\">Tutorial Co-Chairs<\/h2>\n\n\n\n<ul class=\"wp-block-list\"><li><a href=\"mailto:jerome.francois@inria.fr\">J\u00e9r\u00f4me Fran\u00e7ois<\/a> (INRIA, France)<\/li><li><a href=\"mailto:a.galis@ucl.ac.uk\">Alex Galis<\/a> (University College London, UK)<\/li><\/ul>\n","protected":false},"excerpt":{"rendered":"<p>Call For Tutorials Tutorials are an &hellip; <a href=\"https:\/\/wmnc.dnac.org\/2022\/call-for-tutorials\/\">Continue reading <span class=\"meta-nav\">&rarr;<\/span><\/a><\/p>\n","protected":false},"author":1,"featured_media":0,"parent":0,"menu_order":0,"comment_status":"closed","ping_status":"closed","template":"","meta":{"footnotes":""},"class_list":["post-158","page","type-page","status-publish","hentry"],"yoast_head":"<!-- This site is optimized with the Yoast SEO plugin v27.4 - https:\/\/yoast.com\/product\/yoast-seo-wordpress\/ -->\n<title>Call For Tutorials - WMNC 2022<\/title>\n<meta name=\"robots\" content=\"index, follow, max-snippet:-1, max-image-preview:large, max-video-preview:-1\" \/>\n<link rel=\"canonical\" href=\"https:\/\/wmnc.dnac.org\/2022\/call-for-tutorials\/\" \/>\n<meta property=\"og:locale\" content=\"en_US\" \/>\n<meta property=\"og:type\" content=\"article\" \/>\n<meta property=\"og:title\" content=\"Call For Tutorials - WMNC 2022\" \/>\n<meta property=\"og:description\" content=\"Call For Tutorials Tutorials are an &hellip; Continue reading &rarr;\" \/>\n<meta property=\"og:url\" content=\"https:\/\/wmnc.dnac.org\/2022\/call-for-tutorials\/\" \/>\n<meta property=\"og:site_name\" content=\"WMNC 2022\" \/>\n<meta property=\"article:modified_time\" content=\"2022-06-01T23:20:28+00:00\" \/>\n<meta name=\"twitter:card\" content=\"summary_large_image\" \/>\n<meta name=\"twitter:label1\" content=\"Est. reading time\" \/>\n\t<meta name=\"twitter:data1\" content=\"2 minutes\" \/>\n<script type=\"application\/ld+json\" class=\"yoast-schema-graph\">{\"@context\":\"https:\\\/\\\/schema.org\",\"@graph\":[{\"@type\":\"WebPage\",\"@id\":\"https:\\\/\\\/wmnc.dnac.org\\\/2022\\\/call-for-tutorials\\\/\",\"url\":\"https:\\\/\\\/wmnc.dnac.org\\\/2022\\\/call-for-tutorials\\\/\",\"name\":\"Call For Tutorials - WMNC 2022\",\"isPartOf\":{\"@id\":\"https:\\\/\\\/wmnc.dnac.org\\\/2022\\\/#website\"},\"datePublished\":\"2022-06-01T23:12:11+00:00\",\"dateModified\":\"2022-06-01T23:20:28+00:00\",\"breadcrumb\":{\"@id\":\"https:\\\/\\\/wmnc.dnac.org\\\/2022\\\/call-for-tutorials\\\/#breadcrumb\"},\"inLanguage\":\"en-US\",\"potentialAction\":[{\"@type\":\"ReadAction\",\"target\":[\"https:\\\/\\\/wmnc.dnac.org\\\/2022\\\/call-for-tutorials\\\/\"]}]},{\"@type\":\"BreadcrumbList\",\"@id\":\"https:\\\/\\\/wmnc.dnac.org\\\/2022\\\/call-for-tutorials\\\/#breadcrumb\",\"itemListElement\":[{\"@type\":\"ListItem\",\"position\":1,\"name\":\"Home\",\"item\":\"https:\\\/\\\/wmnc.dnac.org\\\/2022\\\/\"},{\"@type\":\"ListItem\",\"position\":2,\"name\":\"Call For Tutorials\"}]},{\"@type\":\"WebSite\",\"@id\":\"https:\\\/\\\/wmnc.dnac.org\\\/2022\\\/#website\",\"url\":\"https:\\\/\\\/wmnc.dnac.org\\\/2022\\\/\",\"name\":\"WMNC 2022\",\"description\":\"14th IFIP Wireless and Mobile Networking Conference (IFIP WMNC) \",\"publisher\":{\"@id\":\"https:\\\/\\\/wmnc.dnac.org\\\/2022\\\/#organization\"},\"potentialAction\":[{\"@type\":\"SearchAction\",\"target\":{\"@type\":\"EntryPoint\",\"urlTemplate\":\"https:\\\/\\\/wmnc.dnac.org\\\/2022\\\/?s={search_term_string}\"},\"query-input\":{\"@type\":\"PropertyValueSpecification\",\"valueRequired\":true,\"valueName\":\"search_term_string\"}}],\"inLanguage\":\"en-US\"},{\"@type\":\"Organization\",\"@id\":\"https:\\\/\\\/wmnc.dnac.org\\\/2022\\\/#organization\",\"name\":\"Dnac\",\"url\":\"https:\\\/\\\/wmnc.dnac.org\\\/2022\\\/\",\"logo\":{\"@type\":\"ImageObject\",\"inLanguage\":\"en-US\",\"@id\":\"https:\\\/\\\/wmnc.dnac.org\\\/2022\\\/#\\\/schema\\\/logo\\\/image\\\/\",\"url\":\"https:\\\/\\\/wmnc.dnac.org\\\/2022\\\/wp-content\\\/uploads\\\/2022\\\/03\\\/Logo_DNAC_Haut_Res-768x303-1.png\",\"contentUrl\":\"https:\\\/\\\/wmnc.dnac.org\\\/2022\\\/wp-content\\\/uploads\\\/2022\\\/03\\\/Logo_DNAC_Haut_Res-768x303-1.png\",\"width\":768,\"height\":303,\"caption\":\"Dnac\"},\"image\":{\"@id\":\"https:\\\/\\\/wmnc.dnac.org\\\/2022\\\/#\\\/schema\\\/logo\\\/image\\\/\"}}]}<\/script>\n<!-- \/ Yoast SEO plugin. -->","yoast_head_json":{"title":"Call For Tutorials - WMNC 2022","robots":{"index":"index","follow":"follow","max-snippet":"max-snippet:-1","max-image-preview":"max-image-preview:large","max-video-preview":"max-video-preview:-1"},"canonical":"https:\/\/wmnc.dnac.org\/2022\/call-for-tutorials\/","og_locale":"en_US","og_type":"article","og_title":"Call For Tutorials - WMNC 2022","og_description":"Call For Tutorials Tutorials are an &hellip; Continue reading &rarr;","og_url":"https:\/\/wmnc.dnac.org\/2022\/call-for-tutorials\/","og_site_name":"WMNC 2022","article_modified_time":"2022-06-01T23:20:28+00:00","twitter_card":"summary_large_image","twitter_misc":{"Est. reading time":"2 minutes"},"schema":{"@context":"https:\/\/schema.org","@graph":[{"@type":"WebPage","@id":"https:\/\/wmnc.dnac.org\/2022\/call-for-tutorials\/","url":"https:\/\/wmnc.dnac.org\/2022\/call-for-tutorials\/","name":"Call For Tutorials - WMNC 2022","isPartOf":{"@id":"https:\/\/wmnc.dnac.org\/2022\/#website"},"datePublished":"2022-06-01T23:12:11+00:00","dateModified":"2022-06-01T23:20:28+00:00","breadcrumb":{"@id":"https:\/\/wmnc.dnac.org\/2022\/call-for-tutorials\/#breadcrumb"},"inLanguage":"en-US","potentialAction":[{"@type":"ReadAction","target":["https:\/\/wmnc.dnac.org\/2022\/call-for-tutorials\/"]}]},{"@type":"BreadcrumbList","@id":"https:\/\/wmnc.dnac.org\/2022\/call-for-tutorials\/#breadcrumb","itemListElement":[{"@type":"ListItem","position":1,"name":"Home","item":"https:\/\/wmnc.dnac.org\/2022\/"},{"@type":"ListItem","position":2,"name":"Call For Tutorials"}]},{"@type":"WebSite","@id":"https:\/\/wmnc.dnac.org\/2022\/#website","url":"https:\/\/wmnc.dnac.org\/2022\/","name":"WMNC 2022","description":"14th IFIP Wireless and Mobile Networking Conference (IFIP WMNC) ","publisher":{"@id":"https:\/\/wmnc.dnac.org\/2022\/#organization"},"potentialAction":[{"@type":"SearchAction","target":{"@type":"EntryPoint","urlTemplate":"https:\/\/wmnc.dnac.org\/2022\/?s={search_term_string}"},"query-input":{"@type":"PropertyValueSpecification","valueRequired":true,"valueName":"search_term_string"}}],"inLanguage":"en-US"},{"@type":"Organization","@id":"https:\/\/wmnc.dnac.org\/2022\/#organization","name":"Dnac","url":"https:\/\/wmnc.dnac.org\/2022\/","logo":{"@type":"ImageObject","inLanguage":"en-US","@id":"https:\/\/wmnc.dnac.org\/2022\/#\/schema\/logo\/image\/","url":"https:\/\/wmnc.dnac.org\/2022\/wp-content\/uploads\/2022\/03\/Logo_DNAC_Haut_Res-768x303-1.png","contentUrl":"https:\/\/wmnc.dnac.org\/2022\/wp-content\/uploads\/2022\/03\/Logo_DNAC_Haut_Res-768x303-1.png","width":768,"height":303,"caption":"Dnac"},"image":{"@id":"https:\/\/wmnc.dnac.org\/2022\/#\/schema\/logo\/image\/"}}]}},"_links":{"self":[{"href":"https:\/\/wmnc.dnac.org\/2022\/wp-json\/wp\/v2\/pages\/158","targetHints":{"allow":["GET"]}}],"collection":[{"href":"https:\/\/wmnc.dnac.org\/2022\/wp-json\/wp\/v2\/pages"}],"about":[{"href":"https:\/\/wmnc.dnac.org\/2022\/wp-json\/wp\/v2\/types\/page"}],"author":[{"embeddable":true,"href":"https:\/\/wmnc.dnac.org\/2022\/wp-json\/wp\/v2\/users\/1"}],"replies":[{"embeddable":true,"href":"https:\/\/wmnc.dnac.org\/2022\/wp-json\/wp\/v2\/comments?post=158"}],"version-history":[{"count":4,"href":"https:\/\/wmnc.dnac.org\/2022\/wp-json\/wp\/v2\/pages\/158\/revisions"}],"predecessor-version":[{"id":173,"href":"https:\/\/wmnc.dnac.org\/2022\/wp-json\/wp\/v2\/pages\/158\/revisions\/173"}],"wp:attachment":[{"href":"https:\/\/wmnc.dnac.org\/2022\/wp-json\/wp\/v2\/media?parent=158"}],"curies":[{"name":"wp","href":"https:\/\/api.w.org\/{rel}","templated":true}]}}